{"id":3060,"date":"2016-01-29T10:24:10","date_gmt":"2016-01-29T09:24:10","guid":{"rendered":"https:\/\/elisabethparramycoach.com\/formacions\/"},"modified":"2023-09-29T13:30:30","modified_gmt":"2023-09-29T11:30:30","slug":"formacions","status":"publish","type":"page","link":"https:\/\/elisabethparramycoach.com\/ca\/formacions\/","title":{"rendered":"Formacions"},"content":{"rendered":"<section class=\"wpb-content-wrapper\"><p>[vc_row full_width=&#8221;stretch_row&#8221; equal_height=&#8221;yes&#8221; content_placement=&#8221;middle&#8221; bg_type=&#8221;bg_color&#8221; css=&#8221;.vc_custom_1689409350614{margin-bottom: 50px !important;padding-top: 80px !important;padding-bottom: 80px !important;}&#8221; bg_color_value=&#8221;#ffffff&#8221;][vc_column width=&#8221;1\/2&#8243;]<div id=\"ultimate-heading-273369dcd06dd0e5b\" class=\"uvc-heading ult-adjust-bottom-margin ultimate-heading-273369dcd06dd0e5b uvc-1668 \" data-hspacer=\"no_spacer\"  data-halign=\"left\" style=\"text-align:left\"><div class=\"uvc-heading-spacer no_spacer\" style=\"top\"><\/div><div class=\"uvc-main-heading ult-responsive\"  data-ultimate-target='.uvc-heading.ultimate-heading-273369dcd06dd0e5b h3'  data-responsive-json-new='{\"font-size\":\"desktop:40px;\",\"line-height\":\"desktop:40px;\"}' ><h3 style=\"--font-weight:theme;margin-bottom:20px;\">Trenca els l\u00edmits dels teus pensaments i descobreix noves maneres de brillar<\/h3><\/div><\/div>[vc_column_text css=&#8221;.vc_custom_1689682383550{padding-bottom: 40px !important;}&#8221;]La formaci\u00f3 \u00e9s l&#8217;\u00fanica eina de canvi que ajuda les persones ocupades a desenvolupar-se tant personal com professionalment repercutint en els bons resultats d&#8217;una organitzaci\u00f3.<\/p>\n<p>&nbsp;<\/p>\n<p>Dissenya la teva empresa un pla formatiu adaptat a les seves necessitats del moment? Descobreix algunes de les propostes amb les quals treball![\/vc_column_text][\/vc_column][vc_column width=&#8221;1\/2&#8243;][vc_single_image image=&#8221;864&#8243; img_size=&#8221;full&#8221;][\/vc_column][\/vc_row][vc_row][vc_column]<div id=\"ultimate-heading-407169dcd06dd10de\" class=\"uvc-heading ult-adjust-bottom-margin ultimate-heading-407169dcd06dd10de uvc-9220 accent-title-color\" data-hspacer=\"line_with_icon\" data-hline_width=\"auto\" data-hicon_type=\"selector\" data-hborder_style=\"solid\" data-hborder_height=\"1\" data-hborder_color=\"#c5a584\" data-icon_width=\"40\" data-hfixer=\"10\"  data-halign=\"center\" style=\"text-align:center\"><div class=\"uvc-heading-spacer line_with_icon\" style=\"topheight:40px;\"><div class=\"ult-just-icon-wrapper  \"><div class=\"align-icon\" style=\"text-align:center;\">\n<div class=\"aio-icon none \"  style=\"color:#c5a584;font-size:40px;display:inline-block;\">\n\t<i class=\"fas fa-user-graduate\"><\/i>\n<\/div><\/div><\/div><\/div><div class=\"uvc-main-heading ult-responsive\"  data-ultimate-target='.uvc-heading.ultimate-heading-407169dcd06dd10de h3'  data-responsive-json-new='{\"font-size\":\"desktop:24px;\",\"line-height\":\"desktop:34px;\"}' ><h3 style=\"--font-weight:theme;margin-bottom:20px;\">ALGUNES FORMACIONS QUE IMPARTEIXO<\/h3><\/div><\/div>[\/vc_column][\/vc_row][vc_row css=&#8221;.vc_custom_1689409274583{padding-top: 50px !important;padding-bottom: 50px !important;}&#8221;][vc_column][vc_raw_html]W2xpc3RhZG8tZm9ybWFjaW9uZXNd[\/vc_raw_html][\/vc_column][\/vc_row][vc_row full_width=&#8221;stretch_row&#8221; bg_type=&#8221;bg_color&#8221; css=&#8221;.vc_custom_1689354047357{margin-top: 30px !important;padding-top: 30px !important;padding-bottom: 30px !important;}&#8221; bg_color_value=&#8221;#ffffff&#8221;][vc_column]<div id=\"ultimate-heading-488469dcd06dd1158\" class=\"uvc-heading ult-adjust-bottom-margin ultimate-heading-488469dcd06dd1158 uvc-4005 accent-title-color\" data-hspacer=\"line_with_icon\" data-hline_width=\"auto\" data-hicon_type=\"selector\" data-hborder_style=\"solid\" data-hborder_height=\"1\" data-hborder_color=\"#c5a584\" data-icon_width=\"40\" data-hfixer=\"10\"  data-halign=\"center\" style=\"text-align:center\"><div class=\"uvc-heading-spacer line_with_icon\" style=\"topheight:40px;\"><div class=\"ult-just-icon-wrapper  \"><div class=\"align-icon\" style=\"text-align:center;\">\n<div class=\"aio-icon none \"  style=\"color:#c5a584;font-size:40px;display:inline-block;\">\n\t<i class=\"far fa-map\"><\/i>\n<\/div><\/div><\/div><\/div><div class=\"uvc-main-heading ult-responsive\"  data-ultimate-target='.uvc-heading.ultimate-heading-488469dcd06dd1158 h3'  data-responsive-json-new='{\"font-size\":\"desktop:24px;\",\"line-height\":\"desktop:34px;\"}' ><h3 style=\"--font-weight:theme;margin-bottom:20px;\">CONFECCIONEM EL TEU PLA PERFECTE<\/h3><\/div><div class=\"uvc-sub-heading ult-responsive\"  data-ultimate-target='.uvc-heading.ultimate-heading-488469dcd06dd1158 .uvc-sub-heading '  data-responsive-json-new='{\"font-size\":\"desktop:30px;\",\"line-height\":\"desktop:40px;\"}'  style=\"font-weight:normal;color:#48433e;margin-bottom:50px;\">Agendem una primera reuni\u00f3 per a fer un diagn\u00f2stic dels punts m\u00e9s febles de la teva organitzaci\u00f3 per a poder enfortir-los amb la formaci\u00f3 adequada.<\/div><\/div><style type=\"text\/css\" data-type=\"the7_shortcodes-inline-css\">#default-btn-255f071799ac7a506c43c84205ca5e9b.ico-right-side > i {\n  margin-right: 0px;\n  margin-left: 8px;\n}\n#default-btn-255f071799ac7a506c43c84205ca5e9b > i {\n  margin-right: 8px;\n}\n<\/style><div class=\"btn-align-center\"><a href=\"https:\/\/elisabethparramycoach.com\/contacto-formaciones\/\" class=\"default-btn-shortcode dt-btn dt-btn-l hablemos full-width-btn \" id=\"default-btn-255f071799ac7a506c43c84205ca5e9b\" title=\"Contacto Formaciones\"><span>RESERVA UN CAF\u00c9 VIRTUAL<\/span><\/a><\/div>[\/vc_column][\/vc_row][vc_row full_width=&#8221;stretch_row&#8221; bg_type=&#8221;bg_color&#8221; bg_color_value=&#8221;#ffffff&#8221; css=&#8221;.vc_custom_1689410399881{padding-top: 50px !important;padding-bottom: 50px !important;}&#8221;][vc_column]<div id=\"ultimate-heading-948969dcd06dd1748\" class=\"uvc-heading ult-adjust-bottom-margin ultimate-heading-948969dcd06dd1748 uvc-8153 accent-title-color\" data-hspacer=\"line_with_icon\" data-hline_width=\"auto\" data-hicon_type=\"selector\" data-hborder_style=\"solid\" data-hborder_height=\"1\" data-hborder_color=\"#c5a584\" data-icon_width=\"40\" data-hfixer=\"10\"  data-halign=\"center\" style=\"text-align:center\"><div class=\"uvc-heading-spacer line_with_icon\" style=\"topheight:40px;\"><div class=\"ult-just-icon-wrapper  \"><div class=\"align-icon\" style=\"text-align:center;\">\n<div class=\"aio-icon none \"  style=\"color:#c5a584;font-size:40px;display:inline-block;\">\n\t<i class=\"icomoon-the7-font-the7-comment-01\"><\/i>\n<\/div><\/div><\/div><\/div><div class=\"uvc-main-heading ult-responsive\"  data-ultimate-target='.uvc-heading.ultimate-heading-948969dcd06dd1748 h1'  data-responsive-json-new='{\"font-size\":\"desktop:24px;\",\"line-height\":\"desktop:34px;\"}' ><h1 style=\"--font-weight:theme;margin-bottom:20px;\">TESTIMONIS<\/h1><\/div><\/div><style type=\"text\/css\" data-type=\"the7_shortcodes-inline-css\">.testimonials-carousel-shortcode.testimonials-carousel-shortcode-id-a680224aba6cc753124b7765ea5dfc15.owl-carousel .owl-nav a {\n  width: 36px;\n  height: 36px;\n  border-radius: 500px;\n}\n.testimonials-carousel-shortcode.testimonials-carousel-shortcode-id-a680224aba6cc753124b7765ea5dfc15.owl-carousel .owl-nav a:before,\n.testimonials-carousel-shortcode.testimonials-carousel-shortcode-id-a680224aba6cc753124b7765ea5dfc15.owl-carousel .owl-nav a:after {\n  border-width: 0px;\n}\n.testimonials-carousel-shortcode.testimonials-carousel-shortcode-id-a680224aba6cc753124b7765ea5dfc15.owl-carousel .owl-nav a.owl-prev {\n  top: 50%;\n  transform: translateY(calc(-50% + 0px));\n  left: -43px;\n}\n@media all and (-ms-high-contrast: none) {\n  .testimonials-carousel-shortcode.testimonials-carousel-shortcode-id-a680224aba6cc753124b7765ea5dfc15.owl-carousel .owl-nav a.owl-prev {\n    transform: translateY(-50%);\n    margin-top: 0px;\n  }\n}\n.testimonials-carousel-shortcode.testimonials-carousel-shortcode-id-a680224aba6cc753124b7765ea5dfc15.owl-carousel .owl-nav a.owl-prev i {\n  padding: 0px 0px 0px 0px;\n}\n.testimonials-carousel-shortcode.testimonials-carousel-shortcode-id-a680224aba6cc753124b7765ea5dfc15.owl-carousel .owl-nav a.owl-next {\n  top: 50%;\n  transform: translateY(calc(-50% + 0px));\n  right: -43px;\n}\n@media all and (-ms-high-contrast: none) {\n  .testimonials-carousel-shortcode.testimonials-carousel-shortcode-id-a680224aba6cc753124b7765ea5dfc15.owl-carousel .owl-nav a.owl-next {\n    transform: translateY(-50%);\n    margin-top: 0px;\n  }\n}\n.testimonials-carousel-shortcode.testimonials-carousel-shortcode-id-a680224aba6cc753124b7765ea5dfc15.owl-carousel .owl-nav a.owl-next i {\n  padding: 0px 0px 0px 0px;\n}\n.testimonials-carousel-shortcode.testimonials-carousel-shortcode-id-a680224aba6cc753124b7765ea5dfc15.owl-carousel .owl-nav i {\n  font-size: 18px;\n}\n.testimonials-carousel-shortcode.testimonials-carousel-shortcode-id-a680224aba6cc753124b7765ea5dfc15.owl-carousel .owl-nav a:not(:hover) i,\n.testimonials-carousel-shortcode.testimonials-carousel-shortcode-id-a680224aba6cc753124b7765ea5dfc15.owl-carousel .owl-nav a:not(:hover) i:before {\n  color: #ffffff;\n  background: none;\n}\n.testimonials-carousel-shortcode.testimonials-carousel-shortcode-id-a680224aba6cc753124b7765ea5dfc15.owl-carousel .owl-nav a:hover i,\n.testimonials-carousel-shortcode.testimonials-carousel-shortcode-id-a680224aba6cc753124b7765ea5dfc15.owl-carousel .owl-nav a:hover i:before {\n  color: rgba(255,255,255,0.75);\n  background: none;\n}\n.testimonials-carousel-shortcode.testimonials-carousel-shortcode-id-a680224aba6cc753124b7765ea5dfc15 .owl-dots {\n  top: calc(100% + 20px);\n  left: 50%;\n  transform: translateX(calc(-50% + 0px));\n}\n@media all and (-ms-high-contrast: none) {\n  .testimonials-carousel-shortcode.testimonials-carousel-shortcode-id-a680224aba6cc753124b7765ea5dfc15 .owl-dots {\n    transform: translateX(-50%);\n    margin-left: 0px;\n  }\n}\n.testimonials-carousel-shortcode.testimonials-carousel-shortcode-id-a680224aba6cc753124b7765ea5dfc15 .owl-dot {\n  width: 10px;\n  height: 10px;\n  margin: 0 8px;\n}\n@media screen and (max-width: 778px) {\n  .testimonials-carousel-shortcode.testimonials-carousel-shortcode-id-a680224aba6cc753124b7765ea5dfc15.hide-arrows.owl-carousel .owl-nav a {\n    display: none;\n  }\n}\n@media screen and (max-width: 778px) {\n  .testimonials-carousel-shortcode.testimonials-carousel-shortcode-id-a680224aba6cc753124b7765ea5dfc15.reposition-arrows.owl-carousel .owl-nav .owl-prev {\n    top: 50%;\n    transform: translateY(calc(-50% + 0px));\n    left: -18px;\n  }\n  .testimonials-carousel-shortcode.testimonials-carousel-shortcode-id-a680224aba6cc753124b7765ea5dfc15.reposition-arrows.owl-carousel .owl-nav .owl-next {\n    top: 50%;\n    transform: translateY(calc(-50% + 0px));\n    right: -18px;\n  }\n}\n@media screen and (max-width: 778px) and all and (-ms-high-contrast: none) {\n  .testimonials-carousel-shortcode.testimonials-carousel-shortcode-id-a680224aba6cc753124b7765ea5dfc15.reposition-arrows.owl-carousel .owl-nav .owl-prev {\n    transform: translateY(-50%);\n    margin-top: 0px;\n  }\n}\n@media screen and (max-width: 778px) and all and (-ms-high-contrast: none) {\n  .testimonials-carousel-shortcode.testimonials-carousel-shortcode-id-a680224aba6cc753124b7765ea5dfc15.reposition-arrows.owl-carousel .owl-nav .owl-next {\n    transform: translateY(-50%);\n    margin-top: 0px;\n  }\n}\n.testimonials-carousel-shortcode.testimonials-carousel-shortcode-id-a680224aba6cc753124b7765ea5dfc15 .testimonial-item {\n  padding: 30px 30px 20px 30px;\n}\n.testimonials-carousel-shortcode.testimonials-carousel-shortcode-id-a680224aba6cc753124b7765ea5dfc15 .testimonial-name,\n.testimonials-carousel-shortcode.testimonials-carousel-shortcode-id-a680224aba6cc753124b7765ea5dfc15 .testimonial-name a,\n.testimonials-carousel-shortcode.testimonials-carousel-shortcode-id-a680224aba6cc753124b7765ea5dfc15 .testimonial-name span {\n  margin-bottom: 0px;\n  font-weight: bold;\n}\n.testimonials-carousel-shortcode.testimonials-carousel-shortcode-id-a680224aba6cc753124b7765ea5dfc15 .testimonial-position {\n  margin-bottom: 20px;\n}\n.testimonials-carousel-shortcode.testimonials-carousel-shortcode-id-a680224aba6cc753124b7765ea5dfc15 .testimonial-position,\n.testimonials-carousel-shortcode.testimonials-carousel-shortcode-id-a680224aba6cc753124b7765ea5dfc15 .testimonial-position span {\n  font-weight: bold;\n}\n.testimonials-carousel-shortcode.testimonials-carousel-shortcode-id-a680224aba6cc753124b7765ea5dfc15  .testimonial-avatar {\n  padding: 0px 20px 20px 0px;\n}\n.testimonials-carousel-shortcode.testimonials-carousel-shortcode-id-a680224aba6cc753124b7765ea5dfc15  .testimonial-avatar a,\n.testimonials-carousel-shortcode.testimonials-carousel-shortcode-id-a680224aba6cc753124b7765ea5dfc15  .testimonial-avatar span,\n.testimonials-carousel-shortcode.testimonials-carousel-shortcode-id-a680224aba6cc753124b7765ea5dfc15  .testimonial-avatar img {\n  max-width: 80px;\n}\n.testimonials-carousel-shortcode.testimonials-carousel-shortcode-id-a680224aba6cc753124b7765ea5dfc15 .dt-css-grid .testimonial-avatar img,\n.testimonials-carousel-shortcode.testimonials-carousel-shortcode-id-a680224aba6cc753124b7765ea5dfc15 .dt-css-grid .testimonial-avatar svg {\n  max-width: 100%;\n}\n.testimonials-carousel-shortcode.testimonials-carousel-shortcode-id-a680224aba6cc753124b7765ea5dfc15.layout-5:not(.hide-testimonial-avatar) .content-wrap,\n.testimonials-carousel-shortcode.testimonials-carousel-shortcode-id-a680224aba6cc753124b7765ea5dfc15.layout-6:not(.hide-testimonial-avatar) .content-wrap {\n  width: calc(100% - 80px - 20px - 0px);\n}\n.testimonials-carousel-shortcode.testimonials-carousel-shortcode-id-a680224aba6cc753124b7765ea5dfc15 .testimonial-content {\n  margin-bottom: 0px;\n}\n.testimonials-carousel-shortcode.testimonials-carousel-shortcode-id-a680224aba6cc753124b7765ea5dfc15  .testimonial-avatar,\n.testimonials-carousel-shortcode.testimonials-carousel-shortcode-id-a680224aba6cc753124b7765ea5dfc15  .testimonial-avatar a.rollover,\n.testimonials-carousel-shortcode.testimonials-carousel-shortcode-id-a680224aba6cc753124b7765ea5dfc15  .testimonial-avatar a.rollover *,\n.testimonials-carousel-shortcode.testimonials-carousel-shortcode-id-a680224aba6cc753124b7765ea5dfc15  .testimonial-avatar img,\n.testimonials-carousel-shortcode.testimonials-carousel-shortcode-id-a680224aba6cc753124b7765ea5dfc15  .testimonial-avatar .no-avatar,\n.testimonials-carousel-shortcode.testimonials-carousel-shortcode-id-a680224aba6cc753124b7765ea5dfc15  .testim-no-avatar {\n  border-radius: 500px;\n}\n.testimonials-carousel-shortcode.testimonials-carousel-shortcode-id-a680224aba6cc753124b7765ea5dfc15  .testimonial-avatar .no-avatar {\n  height: 80px;\n}\n.testimonials-carousel-shortcode.testimonials-carousel-shortcode-id-a680224aba6cc753124b7765ea5dfc15  .testimonial-avatar .no-avatar {\n  font-size: 80px;\n  width: 80px;\n}\n<\/style><div class=\"owl-carousel testimonials-carousel-shortcode dt-testimonials-shortcode dt-owl-carousel-call testimonials-carousel-shortcode-id-a680224aba6cc753124b7765ea5dfc15 content-align-center layout-2 content-bg-on bullets-small-dot-stroke reposition-arrows arrows-bg-on dt-arrow-border-on dt-arrow-hover-border-on disable-arrows-hover-bg arrows-hover-bg-on  \" data-scroll-mode=\"1\" data-col-num=\"1\" data-wide-col-num=\"1\" data-laptop-col=\"1\" data-h-tablet-columns-num=\"2\" data-v-tablet-columns-num=\"1\" data-phone-columns-num=\"1\" data-auto-height=\"false\" data-col-gap=\"30\" data-stage-padding=\"0\" data-speed=\"600\" data-autoplay=\"false\" data-autoplay_speed=\"6000\" data-arrows=\"true\" data-bullet=\"false\" data-next-icon=\"icon-ar-017-r\" data-prev-icon=\"icon-ar-017-l\"><\/div>[\/vc_column][\/vc_row]<\/p>\n<\/section>","protected":false},"excerpt":{"rendered":"<p>[vc_row full_width=&#8221;stretch_row&#8221; equal_height=&#8221;yes&#8221; content_placement=&#8221;middle&#8221; bg_type=&#8221;bg_color&#8221; css=&#8221;.vc_custom_1689409350614{margin-bottom: 50px !important;padding-top: 80px !important;padding-bottom: 80px !important;}&#8221; bg_color_value=&#8221;#ffffff&#8221;][vc_column width=&#8221;1\/2&#8243;][vc_column_text css=&#8221;.vc_custom_1689682383550{padding-bottom: 40px !important;}&#8221;]La formaci\u00f3 \u00e9s l&#8217;\u00fanica eina de canvi que ajuda les persones ocupades a desenvolupar-se tant personal com professionalment repercutint en els bons resultats d&#8217;una organitzaci\u00f3. &nbsp; Dissenya la teva empresa un pla formatiu adaptat a les seves necessitats del&hellip;<\/p>\n","protected":false},"author":8,"featured_media":0,"parent":0,"menu_order":500,"comment_status":"closed","ping_status":"closed","template":"","meta":{"footnotes":""},"yoast_head":"<!-- This site is optimized with the Yoast SEO plugin v20.11 - https:\/\/yoast.com\/wordpress\/plugins\/seo\/ -->\n<title>Formacions - Elisabeth Parra My Coach<\/title>\n<meta name=\"robots\" content=\"index, follow, max-snippet:-1, max-image-preview:large, max-video-preview:-1\" \/>\n<link rel=\"canonical\" href=\"https:\/\/elisabethparramycoach.com\/ca\/formacions\/\" \/>\n<meta property=\"og:locale\" content=\"ca_ES\" \/>\n<meta property=\"og:type\" content=\"article\" \/>\n<meta property=\"og:title\" content=\"Formacions - Elisabeth Parra My Coach\" \/>\n<meta property=\"og:description\" content=\"[vc_row full_width=&#8221;stretch_row&#8221; equal_height=&#8221;yes&#8221; content_placement=&#8221;middle&#8221; bg_type=&#8221;bg_color&#8221; css=&#8221;.vc_custom_1689409350614{margin-bottom: 50px !important;padding-top: 80px !important;padding-bottom: 80px !important;}&#8221; bg_color_value=&#8221;#ffffff&#8221;][vc_column width=&#8221;1\/2&#8243;][vc_column_text css=&#8221;.vc_custom_1689682383550{padding-bottom: 40px !important;}&#8221;]La formaci\u00f3 \u00e9s l&#8217;\u00fanica eina de canvi que ajuda les persones ocupades a desenvolupar-se tant personal com professionalment repercutint en els bons resultats d&#8217;una organitzaci\u00f3. &nbsp; Dissenya la teva empresa un pla formatiu adaptat a les seves necessitats del&hellip;\" \/>\n<meta property=\"og:url\" content=\"https:\/\/elisabethparramycoach.com\/ca\/formacions\/\" \/>\n<meta property=\"og:site_name\" content=\"Elisabeth Parra My Coach\" \/>\n<meta property=\"article:publisher\" content=\"https:\/\/www.facebook.com\/elisabethparra71588\/\" \/>\n<meta property=\"article:modified_time\" content=\"2023-09-29T11:30:30+00:00\" \/>\n<meta name=\"twitter:card\" content=\"summary_large_image\" \/>\n<meta name=\"twitter:label1\" content=\"Temps estimat de lectura\" \/>\n\t<meta name=\"twitter:data1\" content=\"3 minuts\" \/>\n<script type=\"application\/ld+json\" class=\"yoast-schema-graph\">{\"@context\":\"https:\/\/schema.org\",\"@graph\":[{\"@type\":\"WebPage\",\"@id\":\"https:\/\/elisabethparramycoach.com\/ca\/formacions\/\",\"url\":\"https:\/\/elisabethparramycoach.com\/ca\/formacions\/\",\"name\":\"Formacions - Elisabeth Parra My Coach\",\"isPartOf\":{\"@id\":\"http:\/\/elisabethparramycoach.com\/ca\/#website\"},\"datePublished\":\"2016-01-29T09:24:10+00:00\",\"dateModified\":\"2023-09-29T11:30:30+00:00\",\"breadcrumb\":{\"@id\":\"https:\/\/elisabethparramycoach.com\/ca\/formacions\/#breadcrumb\"},\"inLanguage\":\"ca\",\"potentialAction\":[{\"@type\":\"ReadAction\",\"target\":[\"https:\/\/elisabethparramycoach.com\/ca\/formacions\/\"]}]},{\"@type\":\"BreadcrumbList\",\"@id\":\"https:\/\/elisabethparramycoach.com\/ca\/formacions\/#breadcrumb\",\"itemListElement\":[{\"@type\":\"ListItem\",\"position\":1,\"name\":\"Portada\",\"item\":\"http:\/\/elisabethparramycoach.com\/ca\/\"},{\"@type\":\"ListItem\",\"position\":2,\"name\":\"Formacions\"}]},{\"@type\":\"WebSite\",\"@id\":\"http:\/\/elisabethparramycoach.com\/ca\/#website\",\"url\":\"http:\/\/elisabethparramycoach.com\/ca\/\",\"name\":\"Elisabeth Parra My Coach\",\"description\":\"Consultora y coach especialista en coaching sist\u00e9mico para empresas\",\"publisher\":{\"@id\":\"http:\/\/elisabethparramycoach.com\/ca\/#organization\"},\"potentialAction\":[{\"@type\":\"SearchAction\",\"target\":{\"@type\":\"EntryPoint\",\"urlTemplate\":\"http:\/\/elisabethparramycoach.com\/ca\/?s={search_term_string}\"},\"query-input\":\"required name=search_term_string\"}],\"inLanguage\":\"ca\"},{\"@type\":\"Organization\",\"@id\":\"http:\/\/elisabethparramycoach.com\/ca\/#organization\",\"name\":\"Elisabeth Parra My Coach\",\"url\":\"http:\/\/elisabethparramycoach.com\/ca\/\",\"logo\":{\"@type\":\"ImageObject\",\"inLanguage\":\"ca\",\"@id\":\"http:\/\/elisabethparramycoach.com\/ca\/#\/schema\/logo\/image\/\",\"url\":\"https:\/\/elisabethparramycoach.com\/wp-content\/uploads\/2023\/07\/logo3.png\",\"contentUrl\":\"https:\/\/elisabethparramycoach.com\/wp-content\/uploads\/2023\/07\/logo3.png\",\"width\":2430,\"height\":2430,\"caption\":\"Elisabeth Parra My Coach\"},\"image\":{\"@id\":\"http:\/\/elisabethparramycoach.com\/ca\/#\/schema\/logo\/image\/\"},\"sameAs\":[\"https:\/\/www.facebook.com\/elisabethparra71588\/\",\"https:\/\/www.instagram.com\/elisabeth_parra_mycoach\/?hl=es\",\"https:\/\/www.linkedin.com\/in\/elisabeth-parra-caparros-351a714a\/?originalSubdomain=es\"]}]}<\/script>\n<!-- \/ Yoast SEO plugin. -->","yoast_head_json":{"title":"Formacions - Elisabeth Parra My Coach","robots":{"index":"index","follow":"follow","max-snippet":"max-snippet:-1","max-image-preview":"max-image-preview:large","max-video-preview":"max-video-preview:-1"},"canonical":"https:\/\/elisabethparramycoach.com\/ca\/formacions\/","og_locale":"ca_ES","og_type":"article","og_title":"Formacions - Elisabeth Parra My Coach","og_description":"[vc_row full_width=&#8221;stretch_row&#8221; equal_height=&#8221;yes&#8221; content_placement=&#8221;middle&#8221; bg_type=&#8221;bg_color&#8221; css=&#8221;.vc_custom_1689409350614{margin-bottom: 50px !important;padding-top: 80px !important;padding-bottom: 80px !important;}&#8221; bg_color_value=&#8221;#ffffff&#8221;][vc_column width=&#8221;1\/2&#8243;][vc_column_text css=&#8221;.vc_custom_1689682383550{padding-bottom: 40px !important;}&#8221;]La formaci\u00f3 \u00e9s l&#8217;\u00fanica eina de canvi que ajuda les persones ocupades a desenvolupar-se tant personal com professionalment repercutint en els bons resultats d&#8217;una organitzaci\u00f3. &nbsp; Dissenya la teva empresa un pla formatiu adaptat a les seves necessitats del&hellip;","og_url":"https:\/\/elisabethparramycoach.com\/ca\/formacions\/","og_site_name":"Elisabeth Parra My Coach","article_publisher":"https:\/\/www.facebook.com\/elisabethparra71588\/","article_modified_time":"2023-09-29T11:30:30+00:00","twitter_card":"summary_large_image","twitter_misc":{"Temps estimat de lectura":"3 minuts"},"schema":{"@context":"https:\/\/schema.org","@graph":[{"@type":"WebPage","@id":"https:\/\/elisabethparramycoach.com\/ca\/formacions\/","url":"https:\/\/elisabethparramycoach.com\/ca\/formacions\/","name":"Formacions - Elisabeth Parra My Coach","isPartOf":{"@id":"http:\/\/elisabethparramycoach.com\/ca\/#website"},"datePublished":"2016-01-29T09:24:10+00:00","dateModified":"2023-09-29T11:30:30+00:00","breadcrumb":{"@id":"https:\/\/elisabethparramycoach.com\/ca\/formacions\/#breadcrumb"},"inLanguage":"ca","potentialAction":[{"@type":"ReadAction","target":["https:\/\/elisabethparramycoach.com\/ca\/formacions\/"]}]},{"@type":"BreadcrumbList","@id":"https:\/\/elisabethparramycoach.com\/ca\/formacions\/#breadcrumb","itemListElement":[{"@type":"ListItem","position":1,"name":"Portada","item":"http:\/\/elisabethparramycoach.com\/ca\/"},{"@type":"ListItem","position":2,"name":"Formacions"}]},{"@type":"WebSite","@id":"http:\/\/elisabethparramycoach.com\/ca\/#website","url":"http:\/\/elisabethparramycoach.com\/ca\/","name":"Elisabeth Parra My Coach","description":"Consultora y coach especialista en coaching sist\u00e9mico para empresas","publisher":{"@id":"http:\/\/elisabethparramycoach.com\/ca\/#organization"},"potentialAction":[{"@type":"SearchAction","target":{"@type":"EntryPoint","urlTemplate":"http:\/\/elisabethparramycoach.com\/ca\/?s={search_term_string}"},"query-input":"required name=search_term_string"}],"inLanguage":"ca"},{"@type":"Organization","@id":"http:\/\/elisabethparramycoach.com\/ca\/#organization","name":"Elisabeth Parra My Coach","url":"http:\/\/elisabethparramycoach.com\/ca\/","logo":{"@type":"ImageObject","inLanguage":"ca","@id":"http:\/\/elisabethparramycoach.com\/ca\/#\/schema\/logo\/image\/","url":"https:\/\/elisabethparramycoach.com\/wp-content\/uploads\/2023\/07\/logo3.png","contentUrl":"https:\/\/elisabethparramycoach.com\/wp-content\/uploads\/2023\/07\/logo3.png","width":2430,"height":2430,"caption":"Elisabeth Parra My Coach"},"image":{"@id":"http:\/\/elisabethparramycoach.com\/ca\/#\/schema\/logo\/image\/"},"sameAs":["https:\/\/www.facebook.com\/elisabethparra71588\/","https:\/\/www.instagram.com\/elisabeth_parra_mycoach\/?hl=es","https:\/\/www.linkedin.com\/in\/elisabeth-parra-caparros-351a714a\/?originalSubdomain=es"]}]}},"_links":{"self":[{"href":"https:\/\/elisabethparramycoach.com\/ca\/wp-json\/wp\/v2\/pages\/3060"}],"collection":[{"href":"https:\/\/elisabethparramycoach.com\/ca\/wp-json\/wp\/v2\/pages"}],"about":[{"href":"https:\/\/elisabethparramycoach.com\/ca\/wp-json\/wp\/v2\/types\/page"}],"author":[{"embeddable":true,"href":"https:\/\/elisabethparramycoach.com\/ca\/wp-json\/wp\/v2\/users\/8"}],"replies":[{"embeddable":true,"href":"https:\/\/elisabethparramycoach.com\/ca\/wp-json\/wp\/v2\/comments?post=3060"}],"version-history":[{"count":2,"href":"https:\/\/elisabethparramycoach.com\/ca\/wp-json\/wp\/v2\/pages\/3060\/revisions"}],"predecessor-version":[{"id":3062,"href":"https:\/\/elisabethparramycoach.com\/ca\/wp-json\/wp\/v2\/pages\/3060\/revisions\/3062"}],"wp:attachment":[{"href":"https:\/\/elisabethparramycoach.com\/ca\/wp-json\/wp\/v2\/media?parent=3060"}],"curies":[{"name":"wp","href":"https:\/\/api.w.org\/{rel}","templated":true}]}}