{"id":3045,"date":"2016-01-30T21:56:24","date_gmt":"2016-01-30T20:56:24","guid":{"rendered":"https:\/\/elisabethparramycoach.com\/coaching-individual\/"},"modified":"2023-09-29T13:26:44","modified_gmt":"2023-09-29T11:26:44","slug":"coaching-individual","status":"publish","type":"page","link":"http:\/\/elisabethparramycoach.com\/ca\/coaching-individual\/","title":{"rendered":"Coaching Individual"},"content":{"rendered":"<section class=\"wpb-content-wrapper\"><p>[vc_row css=&#8221;.vc_custom_1689414669863{margin-bottom: 50px !important;}&#8221;][vc_column]<div id=\"ultimate-heading-328569e35b17bcf69\" class=\"uvc-heading ult-adjust-bottom-margin ultimate-heading-328569e35b17bcf69 uvc-3608 accent-title-color\" data-hspacer=\"no_spacer\"  data-halign=\"left\" style=\"text-align:left\"><div class=\"uvc-heading-spacer no_spacer\" style=\"top\"><\/div><div class=\"uvc-main-heading ult-responsive\"  data-ultimate-target='.uvc-heading.ultimate-heading-328569e35b17bcf69 h3'  data-responsive-json-new='{\"font-size\":\"desktop:24px;\",\"line-height\":\"desktop:34px;\"}' ><h3 style=\"--font-weight:theme;margin-bottom:20px;\">COACHING INDIVIDUAL<\/h3><\/div><div class=\"uvc-sub-heading ult-responsive\"  data-ultimate-target='.uvc-heading.ultimate-heading-328569e35b17bcf69 .uvc-sub-heading '  data-responsive-json-new='{\"font-size\":\"desktop:30px;\",\"line-height\":\"desktop:40px;\"}'  style=\"font-weight:normal;color:#46403d;margin-bottom:50px;\">Desperta el l\u00edder que portes dins i conquesta les teves metes<\/div><\/div>[vc_single_image image=&#8221;2086&#8243; img_size=&#8221;full&#8221;][vc_column_text css=&#8221;.vc_custom_1689681788040{padding-top: 20px !important;padding-right: 20px !important;padding-bottom: 20px !important;padding-left: 20px !important;background-color: #ffffff !important;}&#8221;]<\/p>\n<h3><strong>Vols orientar la teva carrera professional i trobar una professi\u00f3 en la qual et sentis realitzat?<\/strong><\/h3>\n<p>A trav\u00e9s del proc\u00e9s de coaching treballarem com fer aquells canvis que vols realitzar en la teva vida. El coach \u00e9s una br\u00faixola que guia els teus passos i t&#8217;ajuda a trobar el cam\u00ed cap al que sempre has volgut ser, llan\u00e7a llum on fins ara has vist ombra, o t&#8217;impulsa cap a una mica millor. Els canvis s&#8217;originen en el somni d&#8217;una mica millor. Quan ja hem aconseguit un somni, mirem m\u00e9s enll\u00e0 i tornem a somiar.<\/p>\n<p>L&#8217;objectiu \u00e9s que tornis a creure en tu, sentir-te feli\u00e7 i satisfet de la teva vida laboral.[\/vc_column_text][\/vc_column][\/vc_row][vc_row][vc_column]<div id=\"ultimate-heading-556669e35b17bd186\" class=\"uvc-heading ult-adjust-bottom-margin ultimate-heading-556669e35b17bd186 uvc-9717 accent-title-color\" data-hspacer=\"line_with_icon\" data-hline_width=\"auto\" data-hicon_type=\"selector\" data-hborder_style=\"solid\" data-hborder_height=\"1\" data-hborder_color=\"#c5a584\" data-icon_width=\"40\" data-hfixer=\"10\"  data-halign=\"center\" style=\"text-align:center\"><div class=\"uvc-heading-spacer line_with_icon\" style=\"topheight:40px;\"><div class=\"ult-just-icon-wrapper  \"><div class=\"align-icon\" style=\"text-align:center;\">\n<div class=\"aio-icon none \"  style=\"color:#c5a584;font-size:40px;display:inline-block;\">\n\t<i class=\"fas fa-check\"><\/i>\n<\/div><\/div><\/div><\/div><div class=\"uvc-main-heading ult-responsive\"  data-ultimate-target='.uvc-heading.ultimate-heading-556669e35b17bd186 h3'  data-responsive-json-new='{\"font-size\":\"desktop:24px;\",\"line-height\":\"desktop:34px;\"}' ><h3 style=\"--font-weight:theme;margin-bottom:20px;\">\u00c9S PER A TU SI...<\/h3><\/div><\/div>[\/vc_column][\/vc_row][vc_row full_width=&#8221;stretch_row&#8221; gap=&#8221;20&#8243; bg_type=&#8221;bg_color&#8221; css=&#8221;.vc_custom_1689357042391{margin-top: 30px !important;padding-top: 50px !important;padding-bottom: 50px !important;}&#8221; bg_color_value=&#8221;#ffffff&#8221;][vc_column]<div class=\"standard-arrow bullet-top\"><ul class=\"listado\">\n<li>Necessites con\u00e8ixer-te m\u00e9s per a saber el que et fa vibrar professionalment.<\/li>\n<li>Et consideres una persones que sent por, i inseguretat que no s&#8217;atreveix a emprendre projectes nous, o fer canvis.<\/li>\n<li>Et sents frustrat perqu\u00e8 portes molt temps buscant el projecte professional que desitges i no el trobes.<\/li>\n<li>Vols tenir un fil conductor per a complir amb el teu objectiu de canvi de treball.<\/li>\n<li>Si et sents b\u00e9 i vols simplement sentir-te encara millor.<\/li>\n<\/ul>\n<\/div>[\/vc_column][\/vc_row][vc_row css=&#8221;.vc_custom_1689334936403{padding-top: 50px !important;padding-bottom: 50px !important;}&#8221;][vc_column]<div id=\"ultimate-heading-975469e35b17bd287\" class=\"uvc-heading ult-adjust-bottom-margin ultimate-heading-975469e35b17bd287 uvc-4945 accent-title-color\" data-hspacer=\"line_with_icon\" data-hline_width=\"auto\" data-hicon_type=\"selector\" data-hborder_style=\"solid\" data-hborder_height=\"1\" data-hborder_color=\"#c5a584\" data-icon_width=\"40\" data-hfixer=\"10\"  data-halign=\"center\" style=\"text-align:center\"><div class=\"uvc-heading-spacer line_with_icon\" style=\"topheight:40px;\"><div class=\"ult-just-icon-wrapper  \"><div class=\"align-icon\" style=\"text-align:center;\">\n<div class=\"aio-icon none \"  style=\"color:#c5a584;font-size:40px;display:inline-block;\">\n\t<i class=\"icomoon-the7-font-the7-comment-01\"><\/i>\n<\/div><\/div><\/div><\/div><div class=\"uvc-main-heading ult-responsive\"  data-ultimate-target='.uvc-heading.ultimate-heading-975469e35b17bd287 h1'  data-responsive-json-new='{\"font-size\":\"desktop:24px;\",\"line-height\":\"desktop:34px;\"}' ><h1 style=\"--font-weight:theme;margin-bottom:20px;\">TESTIMONIS<\/h1><\/div><\/div>[vc_raw_html]PHZpZGVvIHdpZHRoPSIxMDAlIiBoZWlnaHQ9IjQwMCIgY29udHJvbHM9IiI+CiAgPHNvdXJjZSBzcmM9Imh0dHBzOi8vZWxpc2FiZXRocGFycmEubGF1bHRpbWFnZW5jaWEuY29tL3dwLWNvbnRlbnQvdXBsb2Fkcy8yMDIzLzA3L1Rlc3RpbW9uaW8tMi1fLUVMSVNBQkVUSC1QQVJSQS5tcDQiIHR5cGU9InZpZGVvL21wNCI+CiAgPHNvdXJjZSBzcmM9Imh0dHBzOi8vZWxpc2FiZXRocGFycmEubGF1bHRpbWFnZW5jaWEuY29tL3dwLWNvbnRlbnQvdXBsb2Fkcy8yMDIzLzA3L1Rlc3RpbW9uaW8tMi1fLUVMSVNBQkVUSC1QQVJSQS5tcDQiIHR5cGU9InZpZGVvL29nZyI+CllvdXIgYnJvd3NlciBkb2VzIG5vdCBzdXBwb3J0IHRoZSB2aWRlbyB0YWcuCjwvc291cmNlPjwvc291cmNlPjwvdmlkZW8+[\/vc_raw_html][\/vc_column][\/vc_row][vc_row full_width=&#8221;stretch_row&#8221; bg_type=&#8221;bg_color&#8221; css=&#8221;.vc_custom_1689354047357{margin-top: 30px !important;padding-top: 30px !important;padding-bottom: 30px !important;}&#8221; bg_color_value=&#8221;#ffffff&#8221;][vc_column]<div id=\"ultimate-heading-911769e35b17bd5e1\" class=\"uvc-heading ult-adjust-bottom-margin ultimate-heading-911769e35b17bd5e1 uvc-9204 bg_white\" data-hspacer=\"line_with_icon\" data-hline_width=\"auto\" data-hicon_type=\"custom\" data-hborder_style=\"solid\" data-hborder_height=\"1\" data-hborder_color=\"#ccc\" data-icon_width=\"48\" data-hfixer=\"10\"  data-halign=\"center\" style=\"text-align:center\"><div class=\"uvc-main-heading ult-responsive\"  data-ultimate-target='.uvc-heading.ultimate-heading-911769e35b17bd5e1 h3'  data-responsive-json-new='{\"font-size\":\"desktop:40px;\",\"line-height\":\"desktop:40px;\"}' ><h3 style=\"font-weight:bold;color:#333333;margin-bottom:10px;\">Parlem<\/h3><\/div><div class=\"uvc-heading-spacer line_with_icon\" style=\"top\"><div class=\"ult-just-icon-wrapper  \"><div class=\"align-icon\" style=\"text-align:center;\">\n<div class=\"aio-icon-img \" style=\"font-size:48px;display:inline-block;\" >\n\t<img class=\"img-icon\" alt=\"null\" src=\"http:\/\/elisabethparramycoach.com\/wp-content\/uploads\/2023\/07\/logo_oscuro300.png\"\/>\n<\/div><\/div><\/div><\/div><div class=\"uvc-sub-heading ult-responsive\"  data-ultimate-target='.uvc-heading.ultimate-heading-911769e35b17bd5e1 .uvc-sub-heading '  data-responsive-json-new='{\"font-size\":\"desktop:22px;\",\"line-height\":\"desktop:27px;\"}'  style=\"font-weight:normal;color:#46403d;margin-bottom:50px;\">Qualsevol moment \u00e9s bo per a fer canvis, per a la reinvenci\u00f3 professional. Est\u00e0s a punt de canviar el rumb de la teva vida, aconseguir els teus objectius i viure la vida que realment vols.<\/div><\/div><style type=\"text\/css\" data-type=\"the7_shortcodes-inline-css\">#default-btn-255f071799ac7a506c43c84205ca5e9b.ico-right-side > i {\n  margin-right: 0px;\n  margin-left: 8px;\n}\n#default-btn-255f071799ac7a506c43c84205ca5e9b > i {\n  margin-right: 8px;\n}\n<\/style><div class=\"btn-align-center\"><a href=\"https:\/\/elisabethparramycoach.com\/contacto-formaciones\/\" class=\"default-btn-shortcode dt-btn dt-btn-l hablemos full-width-btn \" id=\"default-btn-255f071799ac7a506c43c84205ca5e9b\" title=\"Contacto Formaciones\"><span>RESERVA UN CAF\u00c9 VIRTUAL<\/span><\/a><\/div>[\/vc_column][\/vc_row][vc_row type=&#8221;vc_default&#8221; margin_top=&#8221;60&#8243; margin_bottom=&#8221;-40&#8243; css=&#8221;.vc_custom_1689414993880{padding-top: 50px !important;padding-bottom: 30px !important;}&#8221;][vc_column]<div id=\"ultimate-heading-359369e35b17bd8b5\" class=\"uvc-heading ult-adjust-bottom-margin ultimate-heading-359369e35b17bd8b5 uvc-2287 accent-title-color\" data-hspacer=\"line_with_icon\" data-hline_width=\"auto\" data-hicon_type=\"selector\" data-hborder_style=\"solid\" data-hborder_height=\"1\" data-hborder_color=\"#c5a584\" data-icon_width=\"40\" data-hfixer=\"10\"  data-halign=\"center\" style=\"text-align:center\"><div class=\"uvc-heading-spacer line_with_icon\" style=\"topheight:40px;\"><div class=\"ult-just-icon-wrapper  \"><div class=\"align-icon\" style=\"text-align:center;\">\n<div class=\"aio-icon none \"  style=\"color:#c5a584;font-size:40px;display:inline-block;\">\n\t<i class=\"far fa-bookmark\"><\/i>\n<\/div><\/div><\/div><\/div><div class=\"uvc-main-heading ult-responsive\"  data-ultimate-target='.uvc-heading.ultimate-heading-359369e35b17bd8b5 h3'  data-responsive-json-new='{\"font-size\":\"desktop:24px;\",\"line-height\":\"desktop:34px;\"}' ><h3 style=\"--font-weight:theme;margin-bottom:20px;\">PREUS<\/h3><\/div><\/div>[\/vc_column][\/vc_row][vc_row full_width=&#8221;stretch_row&#8221; bg_type=&#8221;bg_color&#8221; bg_color_value=&#8221;#eee3c8&#8243; css=&#8221;.vc_custom_1689414936234{padding-top: 30px !important;}&#8221;][vc_column width=&#8221;1\/3&#8243;]<div class=\"ult_pricing_table_wrap ult_design_2  ult-cs-black price_box \">\n\t\t\t\t\t<div class=\"ult_pricing_table  \" style=\"\"><div id=\"price-table-wrap-2438\" class=\"ult_pricing_heading\" style=\"\">\n\t\t\t\t\t\t\t<h3  data-ultimate-target='#price-table-wrap-2438 .cust-headformat'  data-responsive-json-new='{\"font-size\":\"\",\"line-height\":\"\"}'  class=\"price-heading ult-responsive cust-headformat\" style=\"font-weight:normal;\">PRIMERA SESSI\u00d3<\/h3><\/div><!--ult_pricing_heading--><div class=\"ult_price_body_block\">\n\t\t\t\t\t\t\t<div class=\"ult_price_body\">\n\t\t\t\t\t\t\t\t<div id=\"price-table-wrap-3299\" class=\"ult_price\">\n\t\t\t\t\t\t\t\t\t<span  data-ultimate-target='#price-table-wrap-3299 .ult_price_figure'  data-responsive-json-new='{\"font-size\":\"\",\"line-height\":\"\"}'  class=\"ult_price_figure ult-responsive\" style=\"font-weight:normal;\">0\u20ac<\/span>\n\t\t\t\t\t\t\t\t\t<span  data-ultimate-target='#price-table-wrap-3299 .ult_price_term'  data-responsive-json-new='{\"font-size\":\"\",\"line-height\":\"\"}'  class=\"ult_price_term ult-responsive\" style=\"font-weight:normal;\">45 min.<\/span>\n\t\t\t\t\t\t\t\t<\/div>\n\t\t\t\t\t\t\t<\/div>\n\t\t\t\t\t\t<\/div><!--ult_price_body_block--><div id=\"price-table-features-wrap-8683\" class=\"ult_price_features ult-responsive\"  data-ultimate-target='#price-table-features-wrap-8683'  data-responsive-json-new='{\"font-size\":\"\",\"line-height\":\"\"}'  style=\"font-weight:normal;\">\n\t\t\t\t\t\t\t<p>Sessi\u00f3 inform\u00e0tica sense cap mena de comprom\u00eds<\/p>\n\n\t\t\t\t\t\t<\/div><!--ult_price_features--><div class=\"ult_clr\"><\/div>\n\t\t\t<\/div><!--pricing_table-->\n\t\t<\/div><!--pricing_table_wrap-->[\/vc_column][vc_column width=&#8221;1\/3&#8243;]<div class=\"ult_pricing_table_wrap ult_design_2  ult-cs-black price_box \">\n\t\t\t\t\t<div class=\"ult_pricing_table  \" style=\"\"><div id=\"price-table-wrap-1775\" class=\"ult_pricing_heading\" style=\"\">\n\t\t\t\t\t\t\t<h3  data-ultimate-target='#price-table-wrap-1775 .cust-headformat'  data-responsive-json-new='{\"font-size\":\"\",\"line-height\":\"\"}'  class=\"price-heading ult-responsive cust-headformat\" style=\"font-weight:normal;\">SESSI\u00d3 ESTANDAR<\/h3><\/div><!--ult_pricing_heading--><div class=\"ult_price_body_block\">\n\t\t\t\t\t\t\t<div class=\"ult_price_body\">\n\t\t\t\t\t\t\t\t<div id=\"price-table-wrap-5361\" class=\"ult_price\">\n\t\t\t\t\t\t\t\t\t<span  data-ultimate-target='#price-table-wrap-5361 .ult_price_figure'  data-responsive-json-new='{\"font-size\":\"\",\"line-height\":\"\"}'  class=\"ult_price_figure ult-responsive\" style=\"font-weight:normal;\">110\u20ac<\/span>\n\t\t\t\t\t\t\t\t\t<span  data-ultimate-target='#price-table-wrap-5361 .ult_price_term'  data-responsive-json-new='{\"font-size\":\"\",\"line-height\":\"\"}'  class=\"ult_price_term ult-responsive\" style=\"font-weight:normal;\">60 min.<\/span>\n\t\t\t\t\t\t\t\t<\/div>\n\t\t\t\t\t\t\t<\/div>\n\t\t\t\t\t\t<\/div><!--ult_price_body_block--><div id=\"price-table-features-wrap-5472\" class=\"ult_price_features ult-responsive\"  data-ultimate-target='#price-table-features-wrap-5472'  data-responsive-json-new='{\"font-size\":\"\",\"line-height\":\"\"}'  style=\"font-weight:normal;\">\n\t\t\t\t\t\t\t<p>Per als qui vulguin fer sessions puntuals<\/p>\n\n\t\t\t\t\t\t<\/div><!--ult_price_features--><div class=\"ult_clr\"><\/div>\n\t\t\t<\/div><!--pricing_table-->\n\t\t<\/div><!--pricing_table_wrap-->[\/vc_column][vc_column width=&#8221;1\/3&#8243;]<div class=\"ult_pricing_table_wrap ult_design_2  ult-cs-black price_box \">\n\t\t\t\t\t<div class=\"ult_pricing_table  \" style=\"\"><div id=\"price-table-wrap-4942\" class=\"ult_pricing_heading\" style=\"\">\n\t\t\t\t\t\t\t<h3  data-ultimate-target='#price-table-wrap-4942 .cust-headformat'  data-responsive-json-new='{\"font-size\":\"\",\"line-height\":\"\"}'  class=\"price-heading ult-responsive cust-headformat\" style=\"font-weight:normal;\">PACK 3 SESSIONS<\/h3><\/div><!--ult_pricing_heading--><div class=\"ult_price_body_block\">\n\t\t\t\t\t\t\t<div class=\"ult_price_body\">\n\t\t\t\t\t\t\t\t<div id=\"price-table-wrap-6291\" class=\"ult_price\">\n\t\t\t\t\t\t\t\t\t<span  data-ultimate-target='#price-table-wrap-6291 .ult_price_figure'  data-responsive-json-new='{\"font-size\":\"\",\"line-height\":\"\"}'  class=\"ult_price_figure ult-responsive\" style=\"font-weight:normal;\">300\u20ac<\/span>\n\t\t\t\t\t\t\t\t\t<span  data-ultimate-target='#price-table-wrap-6291 .ult_price_term'  data-responsive-json-new='{\"font-size\":\"\",\"line-height\":\"\"}'  class=\"ult_price_term ult-responsive\" style=\"font-weight:normal;\">45 min.<\/span>\n\t\t\t\t\t\t\t\t<\/div>\n\t\t\t\t\t\t\t<\/div>\n\t\t\t\t\t\t<\/div><!--ult_price_body_block--><div id=\"price-table-features-wrap-1987\" class=\"ult_price_features ult-responsive\"  data-ultimate-target='#price-table-features-wrap-1987'  data-responsive-json-new='{\"font-size\":\"\",\"line-height\":\"\"}'  style=\"font-weight:normal;\">\n\t\t\t\t\t\t\t<p>Pack promocional de 3 sessions peri\u00f2diques<\/p>\n\n\t\t\t\t\t\t<\/div><!--ult_price_features--><div class=\"ult_clr\"><\/div>\n\t\t\t<\/div><!--pricing_table-->\n\t\t<\/div><!--pricing_table_wrap-->[\/vc_column][\/vc_row][vc_row full_width=&#8221;stretch_row&#8221; content_placement=&#8221;middle&#8221; bg_type=&#8221;bg_color&#8221; bg_color_value=&#8221;#eee3c8&#8243; css=&#8221;.vc_custom_1689415427806{padding-bottom: 10px !important;}&#8221;][vc_column]<style type=\"text\/css\" data-type=\"the7_shortcodes-inline-css\">#default-btn-a0249ccb62421ce66421bc22ff9fe113.ico-right-side > i {\n  margin-right: 0px;\n  margin-left: 8px;\n}\n#default-btn-a0249ccb62421ce66421bc22ff9fe113 > i {\n  margin-right: 8px;\n}\n<\/style><div class=\"btn-align-center\"><a href=\"tel:61080300\" class=\"default-btn-shortcode dt-btn dt-btn-m link-hover-off contacto_telefono_bt \" id=\"default-btn-a0249ccb62421ce66421bc22ff9fe113\" style=\"width:300px;\"><i class=\"icomoon-the7-font-the7-phone-05\"><\/i><span>Demana la teva cita<\/span><\/a><\/div>[\/vc_column][\/vc_row]<\/p>\n<\/section>","protected":false},"excerpt":{"rendered":"<p>[vc_row css=&#8221;.vc_custom_1689414669863{margin-bottom: 50px !important;}&#8221;][vc_column][vc_single_image image=&#8221;2086&#8243; img_size=&#8221;full&#8221;][vc_column_text css=&#8221;.vc_custom_1689681788040{padding-top: 20px !important;padding-right: 20px !important;padding-bottom: 20px !important;padding-left: 20px !important;background-color: #ffffff !important;}&#8221;] Vols orientar la teva carrera professional i trobar una professi\u00f3 en la qual et sentis realitzat? A trav\u00e9s del proc\u00e9s de coaching treballarem com fer aquells canvis que vols realitzar en la teva vida. El coach \u00e9s una&hellip;<\/p>\n","protected":false},"author":8,"featured_media":0,"parent":0,"menu_order":100,"comment_status":"closed","ping_status":"closed","template":"","meta":{"footnotes":""},"yoast_head":"<!-- This site is optimized with the Yoast SEO plugin v20.11 - https:\/\/yoast.com\/wordpress\/plugins\/seo\/ -->\n<title>Coaching Individual - Elisabeth Parra My Coach<\/title>\n<meta name=\"robots\" content=\"index, follow, max-snippet:-1, max-image-preview:large, max-video-preview:-1\" \/>\n<link rel=\"canonical\" href=\"http:\/\/elisabethparramycoach.com\/ca\/coaching-individual\/\" \/>\n<meta property=\"og:locale\" content=\"ca_ES\" \/>\n<meta property=\"og:type\" content=\"article\" \/>\n<meta property=\"og:title\" content=\"Coaching Individual - Elisabeth Parra My Coach\" \/>\n<meta property=\"og:description\" content=\"[vc_row css=&#8221;.vc_custom_1689414669863{margin-bottom: 50px !important;}&#8221;][vc_column][vc_single_image image=&#8221;2086&#8243; img_size=&#8221;full&#8221;][vc_column_text css=&#8221;.vc_custom_1689681788040{padding-top: 20px !important;padding-right: 20px !important;padding-bottom: 20px !important;padding-left: 20px !important;background-color: #ffffff !important;}&#8221;] Vols orientar la teva carrera professional i trobar una professi\u00f3 en la qual et sentis realitzat? A trav\u00e9s del proc\u00e9s de coaching treballarem com fer aquells canvis que vols realitzar en la teva vida. El coach \u00e9s una&hellip;\" \/>\n<meta property=\"og:url\" content=\"http:\/\/elisabethparramycoach.com\/ca\/coaching-individual\/\" \/>\n<meta property=\"og:site_name\" content=\"Elisabeth Parra My Coach\" \/>\n<meta property=\"article:publisher\" content=\"https:\/\/www.facebook.com\/elisabethparra71588\/\" \/>\n<meta property=\"article:modified_time\" content=\"2023-09-29T11:26:44+00:00\" \/>\n<meta name=\"twitter:card\" content=\"summary_large_image\" \/>\n<meta name=\"twitter:label1\" content=\"Temps estimat de lectura\" \/>\n\t<meta name=\"twitter:data1\" content=\"6 minuts\" \/>\n<script type=\"application\/ld+json\" class=\"yoast-schema-graph\">{\"@context\":\"https:\/\/schema.org\",\"@graph\":[{\"@type\":\"WebPage\",\"@id\":\"http:\/\/elisabethparramycoach.com\/ca\/coaching-individual\/\",\"url\":\"http:\/\/elisabethparramycoach.com\/ca\/coaching-individual\/\",\"name\":\"Coaching Individual - Elisabeth Parra My Coach\",\"isPartOf\":{\"@id\":\"http:\/\/elisabethparramycoach.com\/ca\/#website\"},\"datePublished\":\"2016-01-30T20:56:24+00:00\",\"dateModified\":\"2023-09-29T11:26:44+00:00\",\"breadcrumb\":{\"@id\":\"http:\/\/elisabethparramycoach.com\/ca\/coaching-individual\/#breadcrumb\"},\"inLanguage\":\"ca\",\"potentialAction\":[{\"@type\":\"ReadAction\",\"target\":[\"http:\/\/elisabethparramycoach.com\/ca\/coaching-individual\/\"]}]},{\"@type\":\"BreadcrumbList\",\"@id\":\"http:\/\/elisabethparramycoach.com\/ca\/coaching-individual\/#breadcrumb\",\"itemListElement\":[{\"@type\":\"ListItem\",\"position\":1,\"name\":\"Portada\",\"item\":\"https:\/\/elisabethparramycoach.com\/ca\/\"},{\"@type\":\"ListItem\",\"position\":2,\"name\":\"Coaching Individual\"}]},{\"@type\":\"WebSite\",\"@id\":\"http:\/\/elisabethparramycoach.com\/ca\/#website\",\"url\":\"http:\/\/elisabethparramycoach.com\/ca\/\",\"name\":\"Elisabeth Parra My Coach\",\"description\":\"Consultora y coach especialista en coaching sist\u00e9mico para empresas\",\"publisher\":{\"@id\":\"http:\/\/elisabethparramycoach.com\/ca\/#organization\"},\"potentialAction\":[{\"@type\":\"SearchAction\",\"target\":{\"@type\":\"EntryPoint\",\"urlTemplate\":\"http:\/\/elisabethparramycoach.com\/ca\/?s={search_term_string}\"},\"query-input\":\"required name=search_term_string\"}],\"inLanguage\":\"ca\"},{\"@type\":\"Organization\",\"@id\":\"http:\/\/elisabethparramycoach.com\/ca\/#organization\",\"name\":\"Elisabeth Parra My Coach\",\"url\":\"http:\/\/elisabethparramycoach.com\/ca\/\",\"logo\":{\"@type\":\"ImageObject\",\"inLanguage\":\"ca\",\"@id\":\"http:\/\/elisabethparramycoach.com\/ca\/#\/schema\/logo\/image\/\",\"url\":\"https:\/\/elisabethparramycoach.com\/wp-content\/uploads\/2023\/07\/logo3.png\",\"contentUrl\":\"https:\/\/elisabethparramycoach.com\/wp-content\/uploads\/2023\/07\/logo3.png\",\"width\":2430,\"height\":2430,\"caption\":\"Elisabeth Parra My Coach\"},\"image\":{\"@id\":\"http:\/\/elisabethparramycoach.com\/ca\/#\/schema\/logo\/image\/\"},\"sameAs\":[\"https:\/\/www.facebook.com\/elisabethparra71588\/\",\"https:\/\/www.instagram.com\/elisabeth_parra_mycoach\/?hl=es\",\"https:\/\/www.linkedin.com\/in\/elisabeth-parra-caparros-351a714a\/?originalSubdomain=es\"]}]}<\/script>\n<!-- \/ Yoast SEO plugin. -->","yoast_head_json":{"title":"Coaching Individual - Elisabeth Parra My Coach","robots":{"index":"index","follow":"follow","max-snippet":"max-snippet:-1","max-image-preview":"max-image-preview:large","max-video-preview":"max-video-preview:-1"},"canonical":"http:\/\/elisabethparramycoach.com\/ca\/coaching-individual\/","og_locale":"ca_ES","og_type":"article","og_title":"Coaching Individual - Elisabeth Parra My Coach","og_description":"[vc_row css=&#8221;.vc_custom_1689414669863{margin-bottom: 50px !important;}&#8221;][vc_column][vc_single_image image=&#8221;2086&#8243; img_size=&#8221;full&#8221;][vc_column_text css=&#8221;.vc_custom_1689681788040{padding-top: 20px !important;padding-right: 20px !important;padding-bottom: 20px !important;padding-left: 20px !important;background-color: #ffffff !important;}&#8221;] Vols orientar la teva carrera professional i trobar una professi\u00f3 en la qual et sentis realitzat? A trav\u00e9s del proc\u00e9s de coaching treballarem com fer aquells canvis que vols realitzar en la teva vida. El coach \u00e9s una&hellip;","og_url":"http:\/\/elisabethparramycoach.com\/ca\/coaching-individual\/","og_site_name":"Elisabeth Parra My Coach","article_publisher":"https:\/\/www.facebook.com\/elisabethparra71588\/","article_modified_time":"2023-09-29T11:26:44+00:00","twitter_card":"summary_large_image","twitter_misc":{"Temps estimat de lectura":"6 minuts"},"schema":{"@context":"https:\/\/schema.org","@graph":[{"@type":"WebPage","@id":"http:\/\/elisabethparramycoach.com\/ca\/coaching-individual\/","url":"http:\/\/elisabethparramycoach.com\/ca\/coaching-individual\/","name":"Coaching Individual - Elisabeth Parra My Coach","isPartOf":{"@id":"http:\/\/elisabethparramycoach.com\/ca\/#website"},"datePublished":"2016-01-30T20:56:24+00:00","dateModified":"2023-09-29T11:26:44+00:00","breadcrumb":{"@id":"http:\/\/elisabethparramycoach.com\/ca\/coaching-individual\/#breadcrumb"},"inLanguage":"ca","potentialAction":[{"@type":"ReadAction","target":["http:\/\/elisabethparramycoach.com\/ca\/coaching-individual\/"]}]},{"@type":"BreadcrumbList","@id":"http:\/\/elisabethparramycoach.com\/ca\/coaching-individual\/#breadcrumb","itemListElement":[{"@type":"ListItem","position":1,"name":"Portada","item":"https:\/\/elisabethparramycoach.com\/ca\/"},{"@type":"ListItem","position":2,"name":"Coaching Individual"}]},{"@type":"WebSite","@id":"http:\/\/elisabethparramycoach.com\/ca\/#website","url":"http:\/\/elisabethparramycoach.com\/ca\/","name":"Elisabeth Parra My Coach","description":"Consultora y coach especialista en coaching sist\u00e9mico para empresas","publisher":{"@id":"http:\/\/elisabethparramycoach.com\/ca\/#organization"},"potentialAction":[{"@type":"SearchAction","target":{"@type":"EntryPoint","urlTemplate":"http:\/\/elisabethparramycoach.com\/ca\/?s={search_term_string}"},"query-input":"required name=search_term_string"}],"inLanguage":"ca"},{"@type":"Organization","@id":"http:\/\/elisabethparramycoach.com\/ca\/#organization","name":"Elisabeth Parra My Coach","url":"http:\/\/elisabethparramycoach.com\/ca\/","logo":{"@type":"ImageObject","inLanguage":"ca","@id":"http:\/\/elisabethparramycoach.com\/ca\/#\/schema\/logo\/image\/","url":"https:\/\/elisabethparramycoach.com\/wp-content\/uploads\/2023\/07\/logo3.png","contentUrl":"https:\/\/elisabethparramycoach.com\/wp-content\/uploads\/2023\/07\/logo3.png","width":2430,"height":2430,"caption":"Elisabeth Parra My Coach"},"image":{"@id":"http:\/\/elisabethparramycoach.com\/ca\/#\/schema\/logo\/image\/"},"sameAs":["https:\/\/www.facebook.com\/elisabethparra71588\/","https:\/\/www.instagram.com\/elisabeth_parra_mycoach\/?hl=es","https:\/\/www.linkedin.com\/in\/elisabeth-parra-caparros-351a714a\/?originalSubdomain=es"]}]}},"_links":{"self":[{"href":"http:\/\/elisabethparramycoach.com\/ca\/wp-json\/wp\/v2\/pages\/3045"}],"collection":[{"href":"http:\/\/elisabethparramycoach.com\/ca\/wp-json\/wp\/v2\/pages"}],"about":[{"href":"http:\/\/elisabethparramycoach.com\/ca\/wp-json\/wp\/v2\/types\/page"}],"author":[{"embeddable":true,"href":"http:\/\/elisabethparramycoach.com\/ca\/wp-json\/wp\/v2\/users\/8"}],"replies":[{"embeddable":true,"href":"http:\/\/elisabethparramycoach.com\/ca\/wp-json\/wp\/v2\/comments?post=3045"}],"version-history":[{"count":2,"href":"http:\/\/elisabethparramycoach.com\/ca\/wp-json\/wp\/v2\/pages\/3045\/revisions"}],"predecessor-version":[{"id":3047,"href":"http:\/\/elisabethparramycoach.com\/ca\/wp-json\/wp\/v2\/pages\/3045\/revisions\/3047"}],"wp:attachment":[{"href":"http:\/\/elisabethparramycoach.com\/ca\/wp-json\/wp\/v2\/media?parent=3045"}],"curies":[{"name":"wp","href":"https:\/\/api.w.org\/{rel}","templated":true}]}}